{"id":826,"date":"2022-04-03T16:30:20","date_gmt":"2022-04-03T14:30:20","guid":{"rendered":"https:\/\/popcorn.oddilpoutnici.cz\/?page_id=826"},"modified":"2026-02-19T07:45:33","modified_gmt":"2026-02-19T06:45:33","slug":"pukani","status":"publish","type":"page","link":"https:\/\/kurzzapalovac.cz\/popcorn\/pukani\/","title":{"rendered":"PUK\u00e1n\u00ed"},"content":{"rendered":"\t\t<div data-elementor-type=\"wp-page\" data-elementor-id=\"826\" class=\"elementor elementor-826\">\n\t\t\t\t\t\t<section class=\"elementor-section elementor-top-section elementor-element elementor-element-887c27f elementor-section-boxed elementor-section-height-default elementor-section-height-default\" data-id=\"887c27f\" data-element_type=\"section\" data-e-type=\"section\">\n\t\t\t\t\t\t<div class=\"elementor-container elementor-column-gap-default\">\n\t\t\t\t\t<div class=\"elementor-column elementor-col-100 elementor-top-column elementor-element elementor-element-4539a660\" data-id=\"4539a660\" data-element_type=\"column\" data-e-type=\"column\">\n\t\t\t<div class=\"elementor-widget-wrap elementor-element-populated\">\n\t\t\t\t\t\t<div class=\"elementor-element elementor-element-4042d635 elementor-widget elementor-widget-text-editor\" data-id=\"4042d635\" data-element_type=\"widget\" data-e-type=\"widget\" data-widget_type=\"text-editor.default\">\n\t\t\t\t<div class=\"elementor-widget-container\">\n\t\t\t\t\t\t\t\t\t\n<div class=\"wp-block-themeisle-blocks-advanced-columns has-undefined-columns has-desktop-undefined-layout has-tablet-equal-layout has-mobile-equal-layout has-default-gap has-vertical-unset\" id=\"wp-block-themeisle-blocks-advanced-columns-4d066fc1\"><div class=\"wp-block-themeisle-blocks-advanced-columns-overlay\"><\/div><div class=\"innerblocks-wrap\"><\/div><\/div>\n\t\t\t\t\t\t\t\t<\/div>\n\t\t\t\t<\/div>\n\t\t\t\t\t<\/div>\n\t\t<\/div>\n\t\t\t\t\t<\/div>\n\t\t<\/section>\n\t\t\t\t<section class=\"elementor-section elementor-top-section elementor-element elementor-element-944feee elementor-section-boxed elementor-section-height-default elementor-section-height-default\" data-id=\"944feee\" data-element_type=\"section\" data-e-type=\"section\">\n\t\t\t\t\t\t<div class=\"elementor-container elementor-column-gap-default\">\n\t\t\t\t\t<div class=\"elementor-column elementor-col-100 elementor-top-column elementor-element elementor-element-59d5ac7\" data-id=\"59d5ac7\" data-element_type=\"column\" data-e-type=\"column\">\n\t\t\t<div class=\"elementor-widget-wrap elementor-element-populated\">\n\t\t\t\t\t\t<div class=\"elementor-element elementor-element-84f1809 elementor-widget elementor-widget-text-editor\" data-id=\"84f1809\" data-element_type=\"widget\" data-e-type=\"widget\" data-widget_type=\"text-editor.default\">\n\t\t\t\t<div class=\"elementor-widget-container\">\n\t\t\t\t\t\t\t\t\t<p><span style=\"color: #000000;\">PUK\u00e1n\u00ed je setk\u00e1n\u00ed absolvent\u016f kurzu <a style=\"color: #000000;\" href=\"https:\/\/kurzzapalovac.cz\">Zapalova\u010d<\/a>, kter\u00e9ho se mohou z\u00fa\u010dastnit v\u0161ichni, kte\u0159\u00ed kdy Zapalova\u010dem pro\u0161li. Smyslem je udr\u017eovat mezi sebou kontakt a nad\u00e1le se inspirovat s \u010dinnost\u00ed.<\/span><\/p>\n<p>\u00a0<\/p>\n<p><span style=\"color: #000000;\">Mimo sd\u00edlen\u00ed toho, jak kdo se m\u00e1, co za posledn\u00ed rok(y) za\u017eil, jak se da\u0159\u00ed jednotliv\u00fdm kolektiv\u016fm a co za pr\u016f\u0161ivihy a naopak excelentn\u00ed v\u011bci se stalo, b\u00fdv\u00e1 sou\u010d\u00e1st\u00ed akce obvykle tak\u00e9 inspirativn\u00ed p\u0159edn\u00e1\u0161kov\u00e1 \u010d\u00e1st pro ve\u0159ejnost, prohl\u00eddka m\u011bsta, ve kter\u00e9m se nach\u00e1z\u00edme a ;tak\u00e9 n\u011bjak\u00e1 hra pro dosp\u011bl\u00e9 (dorost, zkr\u00e1tka pro \u00fa\u010dastn\u00edky akce).<\/span><\/p>\t\t\t\t\t\t\t\t<\/div>\n\t\t\t\t<\/div>\n\t\t\t\t\t<\/div>\n\t\t<\/div>\n\t\t\t\t\t<\/div>\n\t\t<\/section>\n\t\t\t\t<section class=\"elementor-section elementor-top-section elementor-element elementor-element-e1c77a9 elementor-section-boxed elementor-section-height-default elementor-section-height-default\" data-id=\"e1c77a9\" data-element_type=\"section\" data-e-type=\"section\">\n\t\t\t\t\t\t<div class=\"elementor-container elementor-column-gap-default\">\n\t\t\t\t\t<div class=\"elementor-column elementor-col-100 elementor-top-column elementor-element elementor-element-8ca77db\" data-id=\"8ca77db\" data-element_type=\"column\" data-e-type=\"column\">\n\t\t\t<div class=\"elementor-widget-wrap elementor-element-populated\">\n\t\t\t\t\t\t<div class=\"elementor-element elementor-element-404dbe5 elementor-widget elementor-widget-text-editor\" data-id=\"404dbe5\" data-element_type=\"widget\" data-e-type=\"widget\" data-widget_type=\"text-editor.default\">\n\t\t\t\t<div class=\"elementor-widget-container\">\n\t\t\t\t\t\t\t\t\t<p><a href=\"https:\/\/kurzzapalovac.cz\/popcorn\/co-se-chysta\/\">PUK\u00e1n\u00ed 2026: info a p\u0159ihl\u00e1\u0161ka<\/a><\/p>\n<p>\u00a0<\/p>\n<p><a href=\"https:\/\/kurzzapalovac.cz\/popcorn\/pukani-2025\/\">PUK\u00e1n\u00ed 2025<\/a><\/p>\n<p><a href=\"https:\/\/kurzzapalovac.cz\/popcorn\/pukani-2024\/\">PUK\u00e1n\u00ed 2024<\/a><\/p>\n<p><a href=\"https:\/\/kurzzapalovac.cz\/popcorn\/pukani-2023\/\">PUK\u00e1n\u00ed 2023<\/a><\/p>\n<p><a href=\"https:\/\/kurzzapalovac.cz\/popcorn\/pukani-2022\/\">PUK\u00e1n\u00ed 2022<\/a><\/p>\n<p><a href=\"https:\/\/kurzzapalovac.cz\/popcorn\/pukani-2021\/\">PUK\u00e1n\u00ed 2021<\/a><\/p>\n<p><a href=\"https:\/\/kurzzapalovac.cz\/popcorn\/pukani-2020\/\">PUK\u00e1n\u00ed 2020<\/a><\/p>\t\t\t\t\t\t\t\t<\/div>\n\t\t\t\t<\/div>\n\t\t\t\t\t<\/div>\n\t\t<\/div>\n\t\t\t\t\t<\/div>\n\t\t<\/section>\n\t\t\t\t<section class=\"elementor-section elementor-top-section elementor-element elementor-element-5fa1f6c elementor-section-boxed elementor-section-height-default elementor-section-height-default\" data-id=\"5fa1f6c\" data-element_type=\"section\" data-e-type=\"section\">\n\t\t\t\t\t\t<div class=\"elementor-container elementor-column-gap-default\">\n\t\t\t\t\t<div class=\"elementor-column elementor-col-100 elementor-top-column elementor-element elementor-element-17a3bef\" data-id=\"17a3bef\" data-element_type=\"column\" data-e-type=\"column\">\n\t\t\t<div class=\"elementor-widget-wrap elementor-element-populated\">\n\t\t\t\t\t\t<div class=\"elementor-element elementor-element-3c4b8e8 elementor-widget elementor-widget-heading\" data-id=\"3c4b8e8\" data-element_type=\"widget\" data-e-type=\"widget\" data-widget_type=\"heading.default\">\n\t\t\t\t<div class=\"elementor-widget-container\">\n\t\t\t\t\t<h2 class=\"elementor-heading-title elementor-size-default\">Kde PUK\u00e1n\u00ed prob\u011bhla<\/h2>\t\t\t\t<\/div>\n\t\t\t\t<\/div>\n\t\t\t\t<div class=\"elementor-element elementor-element-d02227e elementor-widget elementor-widget-text-editor\" data-id=\"d02227e\" data-element_type=\"widget\" data-e-type=\"widget\" data-widget_type=\"text-editor.default\">\n\t\t\t\t<div class=\"elementor-widget-container\">\n\t\t\t\t\t\t\t\t\t<iframe src=\"https:\/\/www.google.com\/maps\/d\/u\/0\/embed?mid=1njt-Av58-XfLCrquBAiNPlFOqYmxeoM&#038;ehbc=2E312F\" width=\"640\" height=\"480\" loading=\"lazy\"><\/iframe>\t\t\t\t\t\t\t\t<\/div>\n\t\t\t\t<\/div>\n\t\t\t\t\t<\/div>\n\t\t<\/div>\n\t\t\t\t\t<\/div>\n\t\t<\/section>\n\t\t\t\t<\/div>\n\t\t","protected":false},"excerpt":{"rendered":"<p>PUK\u00e1n\u00ed je setk\u00e1n\u00ed absolvent\u016f kurzu Zapalova\u010d, kter\u00e9ho se mohou z\u00fa\u010dastnit v\u0161ichni, kte\u0159\u00ed kdy Zapalova\u010dem pro\u0161li. Smyslem je udr\u017eovat mezi sebou kontakt a nad\u00e1le se inspirovat s \u010dinnost\u00ed. \u00a0 Mimo sd\u00edlen\u00ed toho, jak kdo se m\u00e1, co za posledn\u00ed rok(y) za\u017eil, jak se da\u0159\u00ed jednotliv\u00fdm kolektiv\u016fm a co za pr\u016f\u0161ivihy a naopak excelentn\u00ed v\u011bci se stalo, [&hellip;]<\/p>\n","protected":false},"author":1,"featured_media":0,"parent":0,"menu_order":0,"comment_status":"closed","ping_status":"closed","template":"","meta":{"footnotes":""},"class_list":["post-826","page","type-page","status-publish","hentry"],"yoast_head":"<!-- This site is optimized with the Yoast SEO plugin v27.5 - https:\/\/yoast.com\/product\/yoast-seo-wordpress\/ -->\n<title>PUK\u00e1n\u00ed - Popcorn<\/title>\n<meta name=\"robots\" content=\"index, follow, max-snippet:-1, max-image-preview:large, max-video-preview:-1\" \/>\n<link rel=\"canonical\" href=\"https:\/\/kurzzapalovac.cz\/popcorn\/pukani\/\" \/>\n<meta property=\"og:locale\" content=\"cs_CZ\" \/>\n<meta property=\"og:type\" content=\"article\" \/>\n<meta property=\"og:title\" content=\"PUK\u00e1n\u00ed - Popcorn\" \/>\n<meta property=\"og:description\" content=\"PUK\u00e1n\u00ed je setk\u00e1n\u00ed absolvent\u016f kurzu Zapalova\u010d, kter\u00e9ho se mohou z\u00fa\u010dastnit v\u0161ichni, kte\u0159\u00ed kdy Zapalova\u010dem pro\u0161li. Smyslem je udr\u017eovat mezi sebou kontakt a nad\u00e1le se inspirovat s \u010dinnost\u00ed. \u00a0 Mimo sd\u00edlen\u00ed toho, jak kdo se m\u00e1, co za posledn\u00ed rok(y) za\u017eil, jak se da\u0159\u00ed jednotliv\u00fdm kolektiv\u016fm a co za pr\u016f\u0161ivihy a naopak excelentn\u00ed v\u011bci se stalo, [&hellip;]\" \/>\n<meta property=\"og:url\" content=\"https:\/\/kurzzapalovac.cz\/popcorn\/pukani\/\" \/>\n<meta property=\"og:site_name\" content=\"Popcorn\" \/>\n<meta property=\"article:modified_time\" content=\"2026-02-19T06:45:33+00:00\" \/>\n<meta name=\"twitter:card\" content=\"summary_large_image\" \/>\n<meta name=\"twitter:label1\" content=\"Odhadovan\u00e1 doba \u010dten\u00ed\" \/>\n\t<meta name=\"twitter:data1\" content=\"1 minuta\" \/>\n<script type=\"application\/ld+json\" class=\"yoast-schema-graph\">{\"@context\":\"https:\\\/\\\/schema.org\",\"@graph\":[{\"@type\":\"WebPage\",\"@id\":\"https:\\\/\\\/kurzzapalovac.cz\\\/popcorn\\\/pukani\\\/\",\"url\":\"https:\\\/\\\/kurzzapalovac.cz\\\/popcorn\\\/pukani\\\/\",\"name\":\"PUK\u00e1n\u00ed - Popcorn\",\"isPartOf\":{\"@id\":\"https:\\\/\\\/kurzzapalovac.cz\\\/popcorn\\\/#website\"},\"datePublished\":\"2022-04-03T14:30:20+00:00\",\"dateModified\":\"2026-02-19T06:45:33+00:00\",\"breadcrumb\":{\"@id\":\"https:\\\/\\\/kurzzapalovac.cz\\\/popcorn\\\/pukani\\\/#breadcrumb\"},\"inLanguage\":\"cs\",\"potentialAction\":[{\"@type\":\"ReadAction\",\"target\":[\"https:\\\/\\\/kurzzapalovac.cz\\\/popcorn\\\/pukani\\\/\"]}]},{\"@type\":\"BreadcrumbList\",\"@id\":\"https:\\\/\\\/kurzzapalovac.cz\\\/popcorn\\\/pukani\\\/#breadcrumb\",\"itemListElement\":[{\"@type\":\"ListItem\",\"position\":1,\"name\":\"Dom\u016f\",\"item\":\"https:\\\/\\\/kurzzapalovac.cz\\\/popcorn\\\/\"},{\"@type\":\"ListItem\",\"position\":2,\"name\":\"PUK\u00e1n\u00ed\"}]},{\"@type\":\"WebSite\",\"@id\":\"https:\\\/\\\/kurzzapalovac.cz\\\/popcorn\\\/#website\",\"url\":\"https:\\\/\\\/kurzzapalovac.cz\\\/popcorn\\\/\",\"name\":\"Popcorn\",\"description\":\"PUK!\",\"publisher\":{\"@id\":\"https:\\\/\\\/kurzzapalovac.cz\\\/popcorn\\\/#organization\"},\"potentialAction\":[{\"@type\":\"SearchAction\",\"target\":{\"@type\":\"EntryPoint\",\"urlTemplate\":\"https:\\\/\\\/kurzzapalovac.cz\\\/popcorn\\\/?s={search_term_string}\"},\"query-input\":{\"@type\":\"PropertyValueSpecification\",\"valueRequired\":true,\"valueName\":\"search_term_string\"}}],\"inLanguage\":\"cs\"},{\"@type\":\"Organization\",\"@id\":\"https:\\\/\\\/kurzzapalovac.cz\\\/popcorn\\\/#organization\",\"name\":\"Popcorn\",\"url\":\"https:\\\/\\\/kurzzapalovac.cz\\\/popcorn\\\/\",\"logo\":{\"@type\":\"ImageObject\",\"inLanguage\":\"cs\",\"@id\":\"https:\\\/\\\/kurzzapalovac.cz\\\/popcorn\\\/#\\\/schema\\\/logo\\\/image\\\/\",\"url\":\"https:\\\/\\\/kurzzapalovac.cz\\\/popcorn\\\/wp-content\\\/uploads\\\/sites\\\/2\\\/2022\\\/09\\\/cropped-popcorn_bila.png\",\"contentUrl\":\"https:\\\/\\\/kurzzapalovac.cz\\\/popcorn\\\/wp-content\\\/uploads\\\/sites\\\/2\\\/2022\\\/09\\\/cropped-popcorn_bila.png\",\"width\":250,\"height\":250,\"caption\":\"Popcorn\"},\"image\":{\"@id\":\"https:\\\/\\\/kurzzapalovac.cz\\\/popcorn\\\/#\\\/schema\\\/logo\\\/image\\\/\"},\"sameAs\":[\"https:\\\/\\\/www.instagram.com\\\/popcorn_puk\\\/\"]}]}<\/script>\n<!-- \/ Yoast SEO plugin. -->","yoast_head_json":{"title":"PUK\u00e1n\u00ed - Popcorn","robots":{"index":"index","follow":"follow","max-snippet":"max-snippet:-1","max-image-preview":"max-image-preview:large","max-video-preview":"max-video-preview:-1"},"canonical":"https:\/\/kurzzapalovac.cz\/popcorn\/pukani\/","og_locale":"cs_CZ","og_type":"article","og_title":"PUK\u00e1n\u00ed - Popcorn","og_description":"PUK\u00e1n\u00ed je setk\u00e1n\u00ed absolvent\u016f kurzu Zapalova\u010d, kter\u00e9ho se mohou z\u00fa\u010dastnit v\u0161ichni, kte\u0159\u00ed kdy Zapalova\u010dem pro\u0161li. Smyslem je udr\u017eovat mezi sebou kontakt a nad\u00e1le se inspirovat s \u010dinnost\u00ed. \u00a0 Mimo sd\u00edlen\u00ed toho, jak kdo se m\u00e1, co za posledn\u00ed rok(y) za\u017eil, jak se da\u0159\u00ed jednotliv\u00fdm kolektiv\u016fm a co za pr\u016f\u0161ivihy a naopak excelentn\u00ed v\u011bci se stalo, [&hellip;]","og_url":"https:\/\/kurzzapalovac.cz\/popcorn\/pukani\/","og_site_name":"Popcorn","article_modified_time":"2026-02-19T06:45:33+00:00","twitter_card":"summary_large_image","twitter_misc":{"Odhadovan\u00e1 doba \u010dten\u00ed":"1 minuta"},"schema":{"@context":"https:\/\/schema.org","@graph":[{"@type":"WebPage","@id":"https:\/\/kurzzapalovac.cz\/popcorn\/pukani\/","url":"https:\/\/kurzzapalovac.cz\/popcorn\/pukani\/","name":"PUK\u00e1n\u00ed - Popcorn","isPartOf":{"@id":"https:\/\/kurzzapalovac.cz\/popcorn\/#website"},"datePublished":"2022-04-03T14:30:20+00:00","dateModified":"2026-02-19T06:45:33+00:00","breadcrumb":{"@id":"https:\/\/kurzzapalovac.cz\/popcorn\/pukani\/#breadcrumb"},"inLanguage":"cs","potentialAction":[{"@type":"ReadAction","target":["https:\/\/kurzzapalovac.cz\/popcorn\/pukani\/"]}]},{"@type":"BreadcrumbList","@id":"https:\/\/kurzzapalovac.cz\/popcorn\/pukani\/#breadcrumb","itemListElement":[{"@type":"ListItem","position":1,"name":"Dom\u016f","item":"https:\/\/kurzzapalovac.cz\/popcorn\/"},{"@type":"ListItem","position":2,"name":"PUK\u00e1n\u00ed"}]},{"@type":"WebSite","@id":"https:\/\/kurzzapalovac.cz\/popcorn\/#website","url":"https:\/\/kurzzapalovac.cz\/popcorn\/","name":"Popcorn","description":"PUK!","publisher":{"@id":"https:\/\/kurzzapalovac.cz\/popcorn\/#organization"},"potentialAction":[{"@type":"SearchAction","target":{"@type":"EntryPoint","urlTemplate":"https:\/\/kurzzapalovac.cz\/popcorn\/?s={search_term_string}"},"query-input":{"@type":"PropertyValueSpecification","valueRequired":true,"valueName":"search_term_string"}}],"inLanguage":"cs"},{"@type":"Organization","@id":"https:\/\/kurzzapalovac.cz\/popcorn\/#organization","name":"Popcorn","url":"https:\/\/kurzzapalovac.cz\/popcorn\/","logo":{"@type":"ImageObject","inLanguage":"cs","@id":"https:\/\/kurzzapalovac.cz\/popcorn\/#\/schema\/logo\/image\/","url":"https:\/\/kurzzapalovac.cz\/popcorn\/wp-content\/uploads\/sites\/2\/2022\/09\/cropped-popcorn_bila.png","contentUrl":"https:\/\/kurzzapalovac.cz\/popcorn\/wp-content\/uploads\/sites\/2\/2022\/09\/cropped-popcorn_bila.png","width":250,"height":250,"caption":"Popcorn"},"image":{"@id":"https:\/\/kurzzapalovac.cz\/popcorn\/#\/schema\/logo\/image\/"},"sameAs":["https:\/\/www.instagram.com\/popcorn_puk\/"]}]}},"_links":{"self":[{"href":"https:\/\/kurzzapalovac.cz\/popcorn\/wp-json\/wp\/v2\/pages\/826","targetHints":{"allow":["GET"]}}],"collection":[{"href":"https:\/\/kurzzapalovac.cz\/popcorn\/wp-json\/wp\/v2\/pages"}],"about":[{"href":"https:\/\/kurzzapalovac.cz\/popcorn\/wp-json\/wp\/v2\/types\/page"}],"author":[{"embeddable":true,"href":"https:\/\/kurzzapalovac.cz\/popcorn\/wp-json\/wp\/v2\/users\/1"}],"replies":[{"embeddable":true,"href":"https:\/\/kurzzapalovac.cz\/popcorn\/wp-json\/wp\/v2\/comments?post=826"}],"version-history":[{"count":24,"href":"https:\/\/kurzzapalovac.cz\/popcorn\/wp-json\/wp\/v2\/pages\/826\/revisions"}],"predecessor-version":[{"id":2904,"href":"https:\/\/kurzzapalovac.cz\/popcorn\/wp-json\/wp\/v2\/pages\/826\/revisions\/2904"}],"wp:attachment":[{"href":"https:\/\/kurzzapalovac.cz\/popcorn\/wp-json\/wp\/v2\/media?parent=826"}],"curies":[{"name":"wp","href":"https:\/\/api.w.org\/{rel}","templated":true}]}}