{"id":42,"date":"2020-01-15T00:15:10","date_gmt":"2020-01-14T23:15:10","guid":{"rendered":"https:\/\/popcorn.oddilpoutnici.cz\/?page_id=42"},"modified":"2022-09-18T16:22:29","modified_gmt":"2022-09-18T14:22:29","slug":"predavani-zrna","status":"publish","type":"page","link":"https:\/\/kurzzapalovac.cz\/popcorn\/predavani-zrna\/","title":{"rendered":"P\u0159ed\u00e1v\u00e1n\u00ed zrna"},"content":{"rendered":"\n<h4 class=\"wp-block-heading\">Samou\u010d\u00edc\u00ed se komunita<\/h4>\n\n\n\n<p>Vych\u00e1z\u00edme z p\u0159edpokladu, \u017ee na Zapalova\u010di absolventi nekon\u010d\u00ed svou dr\u00e1hu neust\u00e1l\u00e9ho zdokonalov\u00e1n\u00ed se v \u010dinnostech, kter\u00e9 d\u011blaj\u00ed ve sv\u00fdch koelktivech. Pr\u016fb\u011b\u017en\u00e9 vzd\u011bl\u00e1v\u00e1n\u00ed v podporuj\u00edc\u00ed se komunit\u011b a z\u00e1rove\u0148 t\u00e9, kter\u00e1 tvo\u0159\u00ed s\u00ed\u0165 mezi v\u00edcero kolektivy, ba i hlavn\u00edmi spolky, m\u00e1 obrovsk\u00fd potenci\u00e1l k dosahov\u00e1n\u00ed vyty\u010den\u00fdch c\u00edl\u016f, kter\u00e9 v pr\u016fb\u011bhu \u010dasu vznikaj\u00ed. V\u00edce se o samou\u010d\u00edc\u00edch komunit\u00e1ch lze do\u010d\u00edst ve srozumiteln\u00e9 podob\u011b <a href=\"https:\/\/medium.com\/@hanalandova\/https-medium-com-hanalandova-ucici-se-komunity-ed4d6aba914\">zde<\/a>.<\/p>\n\n\n\n<div style=\"height:20px\" aria-hidden=\"true\" class=\"wp-block-spacer\"><\/div>\n\n\n\n<h4 class=\"wp-block-heading\">P\u0159ed\u00e1m zrno, abys ho o\u010distil od plev, nechal PUKnout a dochutil<\/h4>\n\n\n\n<p>Konkr\u00e9tn\u00ed podoba samou\u010d\u00edc\u00ed se komunity v p\u0159\u00edpad\u011b Popcornu m\u00e1 st\u011b\u017eejn\u00ed body v otev\u0159enosti se mo\u017enosti z\u00edskat informace \u010di inspiraci mimo kruhy absolvent\u016f (extern\u00ed \u0159e\u010dn\u00edci) a z\u00e1rove\u0148 v aktivn\u00edm vylep\u0161ov\u00e1n\u00edm vzd\u011bl\u00e1vac\u00edho programu Popcorn t\u00edm, \u017ee je po\u0159adatelstv\u00ed p\u0159ed\u00e1v\u00e1no mezi jednotliv\u00fdmi \u00fa\u010dastn\u00edky. V p\u0159\u00edpad\u011b, kdy doch\u00e1z\u00ed k p\u0159ed\u00e1v\u00e1n\u00ed, vlo\u017e\u00ed po\u0159adatel do jednor\u00e1zov\u00e9 akce v\u00edce energie a p\u0159id\u00e1 neot\u0159el\u00e9 prvky se znateln\u011bj\u0161\u00ed lehkost\u00ed, ne\u017e kdy\u017e se zacykl\u00ed v opakovan\u00e9m po\u0159\u00e1d\u00e1n\u00ed akce v toto\u017en\u00e9m form\u00e1tu a s naprosto stejn\u00fdmi prvky.<\/p>\n\n\n\n<h4 class=\"wp-block-heading\">P\u0159ed\u00e1v\u00e1n\u00ed zrna 2021<\/h4>\n\n\n\n<figure class=\"wp-block-embed is-type-video is-provider-youtube wp-block-embed-youtube wp-embed-aspect-16-9 wp-has-aspect-ratio\"><div class=\"wp-block-embed__wrapper\">\n<iframe title=\"P\u0159ed\u00e1n\u00ed zrna - PUK\u00e1n\u00ed 2021\" width=\"525\" height=\"295\" src=\"https:\/\/www.youtube.com\/embed\/4HkFdsVcMMM?feature=oembed\" frameborder=\"0\" allow=\"accelerometer; autoplay; clipboard-write; encrypted-media; gyroscope; picture-in-picture; web-share\" referrerpolicy=\"strict-origin-when-cross-origin\" allowfullscreen loading=\"lazy\"><\/iframe>\n<\/div><\/figure>\n\n\n<div class=\"wp-block-image\">\n<figure class=\"aligncenter size-large is-resized\"><img decoding=\"async\" src=\"http:\/\/kurzzapalovac.cz\/popcorn\/wp-content\/uploads\/sites\/2\/2020\/01\/popcorn-1.png\" alt=\"\" class=\"wp-image-17\" width=\"74\" height=\"84\" loading=\"lazy\" \/><\/figure>\n<\/div>","protected":false},"excerpt":{"rendered":"<p>Samou\u010d\u00edc\u00ed se komunita Vych\u00e1z\u00edme z p\u0159edpokladu, \u017ee na Zapalova\u010di absolventi nekon\u010d\u00ed svou dr\u00e1hu neust\u00e1l\u00e9ho zdokonalov\u00e1n\u00ed se v \u010dinnostech, kter\u00e9 d\u011blaj\u00ed ve sv\u00fdch koelktivech. Pr\u016fb\u011b\u017en\u00e9 vzd\u011bl\u00e1v\u00e1n\u00ed v podporuj\u00edc\u00ed se komunit\u011b a z\u00e1rove\u0148 t\u00e9, kter\u00e1 tvo\u0159\u00ed s\u00ed\u0165 mezi v\u00edcero kolektivy, ba i hlavn\u00edmi spolky, m\u00e1 obrovsk\u00fd potenci\u00e1l k dosahov\u00e1n\u00ed vyty\u010den\u00fdch c\u00edl\u016f, kter\u00e9 v pr\u016fb\u011bhu \u010dasu vznikaj\u00ed. V\u00edce [&hellip;]<\/p>\n","protected":false},"author":1,"featured_media":237,"parent":0,"menu_order":0,"comment_status":"closed","ping_status":"closed","template":"","meta":{"footnotes":""},"class_list":["post-42","page","type-page","status-publish","has-post-thumbnail","hentry"],"yoast_head":"<!-- This site is optimized with the Yoast SEO plugin v27.5 - https:\/\/yoast.com\/product\/yoast-seo-wordpress\/ -->\n<title>P\u0159ed\u00e1v\u00e1n\u00ed zrna - Popcorn<\/title>\n<meta name=\"robots\" content=\"index, follow, max-snippet:-1, max-image-preview:large, max-video-preview:-1\" \/>\n<link rel=\"canonical\" href=\"https:\/\/kurzzapalovac.cz\/popcorn\/predavani-zrna\/\" \/>\n<meta property=\"og:locale\" content=\"cs_CZ\" \/>\n<meta property=\"og:type\" content=\"article\" \/>\n<meta property=\"og:title\" content=\"P\u0159ed\u00e1v\u00e1n\u00ed zrna - Popcorn\" \/>\n<meta property=\"og:description\" content=\"Samou\u010d\u00edc\u00ed se komunita Vych\u00e1z\u00edme z p\u0159edpokladu, \u017ee na Zapalova\u010di absolventi nekon\u010d\u00ed svou dr\u00e1hu neust\u00e1l\u00e9ho zdokonalov\u00e1n\u00ed se v \u010dinnostech, kter\u00e9 d\u011blaj\u00ed ve sv\u00fdch koelktivech. Pr\u016fb\u011b\u017en\u00e9 vzd\u011bl\u00e1v\u00e1n\u00ed v podporuj\u00edc\u00ed se komunit\u011b a z\u00e1rove\u0148 t\u00e9, kter\u00e1 tvo\u0159\u00ed s\u00ed\u0165 mezi v\u00edcero kolektivy, ba i hlavn\u00edmi spolky, m\u00e1 obrovsk\u00fd potenci\u00e1l k dosahov\u00e1n\u00ed vyty\u010den\u00fdch c\u00edl\u016f, kter\u00e9 v pr\u016fb\u011bhu \u010dasu vznikaj\u00ed. V\u00edce [&hellip;]\" \/>\n<meta property=\"og:url\" content=\"https:\/\/kurzzapalovac.cz\/popcorn\/predavani-zrna\/\" \/>\n<meta property=\"og:site_name\" content=\"Popcorn\" \/>\n<meta property=\"article:modified_time\" content=\"2022-09-18T14:22:29+00:00\" \/>\n<meta property=\"og:image\" content=\"https:\/\/kurzzapalovac.cz\/popcorn\/wp-content\/uploads\/sites\/2\/2020\/01\/popcorn_uvodka.png\" \/>\n\t<meta property=\"og:image:width\" content=\"800\" \/>\n\t<meta property=\"og:image:height\" content=\"200\" \/>\n\t<meta property=\"og:image:type\" content=\"image\/png\" \/>\n<meta name=\"twitter:card\" content=\"summary_large_image\" \/>\n<meta name=\"twitter:label1\" content=\"Odhadovan\u00e1 doba \u010dten\u00ed\" \/>\n\t<meta name=\"twitter:data1\" content=\"1 minuta\" \/>\n<script type=\"application\/ld+json\" class=\"yoast-schema-graph\">{\"@context\":\"https:\\\/\\\/schema.org\",\"@graph\":[{\"@type\":\"WebPage\",\"@id\":\"https:\\\/\\\/kurzzapalovac.cz\\\/popcorn\\\/predavani-zrna\\\/\",\"url\":\"https:\\\/\\\/kurzzapalovac.cz\\\/popcorn\\\/predavani-zrna\\\/\",\"name\":\"P\u0159ed\u00e1v\u00e1n\u00ed zrna - Popcorn\",\"isPartOf\":{\"@id\":\"https:\\\/\\\/kurzzapalovac.cz\\\/popcorn\\\/#website\"},\"primaryImageOfPage\":{\"@id\":\"https:\\\/\\\/kurzzapalovac.cz\\\/popcorn\\\/predavani-zrna\\\/#primaryimage\"},\"image\":{\"@id\":\"https:\\\/\\\/kurzzapalovac.cz\\\/popcorn\\\/predavani-zrna\\\/#primaryimage\"},\"thumbnailUrl\":\"https:\\\/\\\/kurzzapalovac.cz\\\/popcorn\\\/wp-content\\\/uploads\\\/sites\\\/2\\\/2020\\\/01\\\/popcorn_uvodka.png\",\"datePublished\":\"2020-01-14T23:15:10+00:00\",\"dateModified\":\"2022-09-18T14:22:29+00:00\",\"breadcrumb\":{\"@id\":\"https:\\\/\\\/kurzzapalovac.cz\\\/popcorn\\\/predavani-zrna\\\/#breadcrumb\"},\"inLanguage\":\"cs\",\"potentialAction\":[{\"@type\":\"ReadAction\",\"target\":[\"https:\\\/\\\/kurzzapalovac.cz\\\/popcorn\\\/predavani-zrna\\\/\"]}]},{\"@type\":\"ImageObject\",\"inLanguage\":\"cs\",\"@id\":\"https:\\\/\\\/kurzzapalovac.cz\\\/popcorn\\\/predavani-zrna\\\/#primaryimage\",\"url\":\"https:\\\/\\\/kurzzapalovac.cz\\\/popcorn\\\/wp-content\\\/uploads\\\/sites\\\/2\\\/2020\\\/01\\\/popcorn_uvodka.png\",\"contentUrl\":\"https:\\\/\\\/kurzzapalovac.cz\\\/popcorn\\\/wp-content\\\/uploads\\\/sites\\\/2\\\/2020\\\/01\\\/popcorn_uvodka.png\",\"width\":800,\"height\":200},{\"@type\":\"BreadcrumbList\",\"@id\":\"https:\\\/\\\/kurzzapalovac.cz\\\/popcorn\\\/predavani-zrna\\\/#breadcrumb\",\"itemListElement\":[{\"@type\":\"ListItem\",\"position\":1,\"name\":\"Dom\u016f\",\"item\":\"https:\\\/\\\/kurzzapalovac.cz\\\/popcorn\\\/\"},{\"@type\":\"ListItem\",\"position\":2,\"name\":\"P\u0159ed\u00e1v\u00e1n\u00ed zrna\"}]},{\"@type\":\"WebSite\",\"@id\":\"https:\\\/\\\/kurzzapalovac.cz\\\/popcorn\\\/#website\",\"url\":\"https:\\\/\\\/kurzzapalovac.cz\\\/popcorn\\\/\",\"name\":\"Popcorn\",\"description\":\"PUK!\",\"publisher\":{\"@id\":\"https:\\\/\\\/kurzzapalovac.cz\\\/popcorn\\\/#organization\"},\"potentialAction\":[{\"@type\":\"SearchAction\",\"target\":{\"@type\":\"EntryPoint\",\"urlTemplate\":\"https:\\\/\\\/kurzzapalovac.cz\\\/popcorn\\\/?s={search_term_string}\"},\"query-input\":{\"@type\":\"PropertyValueSpecification\",\"valueRequired\":true,\"valueName\":\"search_term_string\"}}],\"inLanguage\":\"cs\"},{\"@type\":\"Organization\",\"@id\":\"https:\\\/\\\/kurzzapalovac.cz\\\/popcorn\\\/#organization\",\"name\":\"Popcorn\",\"url\":\"https:\\\/\\\/kurzzapalovac.cz\\\/popcorn\\\/\",\"logo\":{\"@type\":\"ImageObject\",\"inLanguage\":\"cs\",\"@id\":\"https:\\\/\\\/kurzzapalovac.cz\\\/popcorn\\\/#\\\/schema\\\/logo\\\/image\\\/\",\"url\":\"https:\\\/\\\/kurzzapalovac.cz\\\/popcorn\\\/wp-content\\\/uploads\\\/sites\\\/2\\\/2022\\\/09\\\/cropped-popcorn_bila.png\",\"contentUrl\":\"https:\\\/\\\/kurzzapalovac.cz\\\/popcorn\\\/wp-content\\\/uploads\\\/sites\\\/2\\\/2022\\\/09\\\/cropped-popcorn_bila.png\",\"width\":250,\"height\":250,\"caption\":\"Popcorn\"},\"image\":{\"@id\":\"https:\\\/\\\/kurzzapalovac.cz\\\/popcorn\\\/#\\\/schema\\\/logo\\\/image\\\/\"},\"sameAs\":[\"https:\\\/\\\/www.instagram.com\\\/popcorn_puk\\\/\"]}]}<\/script>\n<!-- \/ Yoast SEO plugin. -->","yoast_head_json":{"title":"P\u0159ed\u00e1v\u00e1n\u00ed zrna - Popcorn","robots":{"index":"index","follow":"follow","max-snippet":"max-snippet:-1","max-image-preview":"max-image-preview:large","max-video-preview":"max-video-preview:-1"},"canonical":"https:\/\/kurzzapalovac.cz\/popcorn\/predavani-zrna\/","og_locale":"cs_CZ","og_type":"article","og_title":"P\u0159ed\u00e1v\u00e1n\u00ed zrna - Popcorn","og_description":"Samou\u010d\u00edc\u00ed se komunita Vych\u00e1z\u00edme z p\u0159edpokladu, \u017ee na Zapalova\u010di absolventi nekon\u010d\u00ed svou dr\u00e1hu neust\u00e1l\u00e9ho zdokonalov\u00e1n\u00ed se v \u010dinnostech, kter\u00e9 d\u011blaj\u00ed ve sv\u00fdch koelktivech. Pr\u016fb\u011b\u017en\u00e9 vzd\u011bl\u00e1v\u00e1n\u00ed v podporuj\u00edc\u00ed se komunit\u011b a z\u00e1rove\u0148 t\u00e9, kter\u00e1 tvo\u0159\u00ed s\u00ed\u0165 mezi v\u00edcero kolektivy, ba i hlavn\u00edmi spolky, m\u00e1 obrovsk\u00fd potenci\u00e1l k dosahov\u00e1n\u00ed vyty\u010den\u00fdch c\u00edl\u016f, kter\u00e9 v pr\u016fb\u011bhu \u010dasu vznikaj\u00ed. V\u00edce [&hellip;]","og_url":"https:\/\/kurzzapalovac.cz\/popcorn\/predavani-zrna\/","og_site_name":"Popcorn","article_modified_time":"2022-09-18T14:22:29+00:00","og_image":[{"width":800,"height":200,"url":"https:\/\/kurzzapalovac.cz\/popcorn\/wp-content\/uploads\/sites\/2\/2020\/01\/popcorn_uvodka.png","type":"image\/png"}],"twitter_card":"summary_large_image","twitter_misc":{"Odhadovan\u00e1 doba \u010dten\u00ed":"1 minuta"},"schema":{"@context":"https:\/\/schema.org","@graph":[{"@type":"WebPage","@id":"https:\/\/kurzzapalovac.cz\/popcorn\/predavani-zrna\/","url":"https:\/\/kurzzapalovac.cz\/popcorn\/predavani-zrna\/","name":"P\u0159ed\u00e1v\u00e1n\u00ed zrna - Popcorn","isPartOf":{"@id":"https:\/\/kurzzapalovac.cz\/popcorn\/#website"},"primaryImageOfPage":{"@id":"https:\/\/kurzzapalovac.cz\/popcorn\/predavani-zrna\/#primaryimage"},"image":{"@id":"https:\/\/kurzzapalovac.cz\/popcorn\/predavani-zrna\/#primaryimage"},"thumbnailUrl":"https:\/\/kurzzapalovac.cz\/popcorn\/wp-content\/uploads\/sites\/2\/2020\/01\/popcorn_uvodka.png","datePublished":"2020-01-14T23:15:10+00:00","dateModified":"2022-09-18T14:22:29+00:00","breadcrumb":{"@id":"https:\/\/kurzzapalovac.cz\/popcorn\/predavani-zrna\/#breadcrumb"},"inLanguage":"cs","potentialAction":[{"@type":"ReadAction","target":["https:\/\/kurzzapalovac.cz\/popcorn\/predavani-zrna\/"]}]},{"@type":"ImageObject","inLanguage":"cs","@id":"https:\/\/kurzzapalovac.cz\/popcorn\/predavani-zrna\/#primaryimage","url":"https:\/\/kurzzapalovac.cz\/popcorn\/wp-content\/uploads\/sites\/2\/2020\/01\/popcorn_uvodka.png","contentUrl":"https:\/\/kurzzapalovac.cz\/popcorn\/wp-content\/uploads\/sites\/2\/2020\/01\/popcorn_uvodka.png","width":800,"height":200},{"@type":"BreadcrumbList","@id":"https:\/\/kurzzapalovac.cz\/popcorn\/predavani-zrna\/#breadcrumb","itemListElement":[{"@type":"ListItem","position":1,"name":"Dom\u016f","item":"https:\/\/kurzzapalovac.cz\/popcorn\/"},{"@type":"ListItem","position":2,"name":"P\u0159ed\u00e1v\u00e1n\u00ed zrna"}]},{"@type":"WebSite","@id":"https:\/\/kurzzapalovac.cz\/popcorn\/#website","url":"https:\/\/kurzzapalovac.cz\/popcorn\/","name":"Popcorn","description":"PUK!","publisher":{"@id":"https:\/\/kurzzapalovac.cz\/popcorn\/#organization"},"potentialAction":[{"@type":"SearchAction","target":{"@type":"EntryPoint","urlTemplate":"https:\/\/kurzzapalovac.cz\/popcorn\/?s={search_term_string}"},"query-input":{"@type":"PropertyValueSpecification","valueRequired":true,"valueName":"search_term_string"}}],"inLanguage":"cs"},{"@type":"Organization","@id":"https:\/\/kurzzapalovac.cz\/popcorn\/#organization","name":"Popcorn","url":"https:\/\/kurzzapalovac.cz\/popcorn\/","logo":{"@type":"ImageObject","inLanguage":"cs","@id":"https:\/\/kurzzapalovac.cz\/popcorn\/#\/schema\/logo\/image\/","url":"https:\/\/kurzzapalovac.cz\/popcorn\/wp-content\/uploads\/sites\/2\/2022\/09\/cropped-popcorn_bila.png","contentUrl":"https:\/\/kurzzapalovac.cz\/popcorn\/wp-content\/uploads\/sites\/2\/2022\/09\/cropped-popcorn_bila.png","width":250,"height":250,"caption":"Popcorn"},"image":{"@id":"https:\/\/kurzzapalovac.cz\/popcorn\/#\/schema\/logo\/image\/"},"sameAs":["https:\/\/www.instagram.com\/popcorn_puk\/"]}]}},"_links":{"self":[{"href":"https:\/\/kurzzapalovac.cz\/popcorn\/wp-json\/wp\/v2\/pages\/42","targetHints":{"allow":["GET"]}}],"collection":[{"href":"https:\/\/kurzzapalovac.cz\/popcorn\/wp-json\/wp\/v2\/pages"}],"about":[{"href":"https:\/\/kurzzapalovac.cz\/popcorn\/wp-json\/wp\/v2\/types\/page"}],"author":[{"embeddable":true,"href":"https:\/\/kurzzapalovac.cz\/popcorn\/wp-json\/wp\/v2\/users\/1"}],"replies":[{"embeddable":true,"href":"https:\/\/kurzzapalovac.cz\/popcorn\/wp-json\/wp\/v2\/comments?post=42"}],"version-history":[{"count":1,"href":"https:\/\/kurzzapalovac.cz\/popcorn\/wp-json\/wp\/v2\/pages\/42\/revisions"}],"predecessor-version":[{"id":1260,"href":"https:\/\/kurzzapalovac.cz\/popcorn\/wp-json\/wp\/v2\/pages\/42\/revisions\/1260"}],"wp:featuredmedia":[{"embeddable":true,"href":"https:\/\/kurzzapalovac.cz\/popcorn\/wp-json\/wp\/v2\/media\/237"}],"wp:attachment":[{"href":"https:\/\/kurzzapalovac.cz\/popcorn\/wp-json\/wp\/v2\/media?parent=42"}],"curies":[{"name":"wp","href":"https:\/\/api.w.org\/{rel}","templated":true}]}}