{"id":2667,"date":"2025-04-07T11:23:00","date_gmt":"2025-04-07T09:23:00","guid":{"rendered":"https:\/\/kurzzapalovac.cz\/popcorn\/?page_id=2667"},"modified":"2026-04-10T22:05:47","modified_gmt":"2026-04-10T20:05:47","slug":"co-se-chysta","status":"publish","type":"page","link":"https:\/\/kurzzapalovac.cz\/popcorn\/co-se-chysta\/","title":{"rendered":"Co se chyst\u00e1?!"},"content":{"rendered":"\t\t<div data-elementor-type=\"wp-page\" data-elementor-id=\"2667\" class=\"elementor elementor-2667\">\n\t\t\t\t\t\t<section class=\"elementor-section elementor-top-section elementor-element elementor-element-2c24be6 elementor-section-boxed elementor-section-height-default elementor-section-height-default\" data-id=\"2c24be6\" data-element_type=\"section\" data-e-type=\"section\">\n\t\t\t\t\t\t<div class=\"elementor-container elementor-column-gap-default\">\n\t\t\t\t\t<div class=\"elementor-column elementor-col-100 elementor-top-column elementor-element elementor-element-d14b149\" data-id=\"d14b149\" data-element_type=\"column\" data-e-type=\"column\">\n\t\t\t<div class=\"elementor-widget-wrap elementor-element-populated\">\n\t\t\t\t\t\t<div class=\"elementor-element elementor-element-8d3f9f5 elementor-widget elementor-widget-heading\" data-id=\"8d3f9f5\" data-element_type=\"widget\" data-e-type=\"widget\" data-widget_type=\"heading.default\">\n\t\t\t\t<div class=\"elementor-widget-container\">\n\t\t\t\t\t<h2 class=\"elementor-heading-title elementor-size-default\">POPVOR Berounka  26<\/h2>\t\t\t\t<\/div>\n\t\t\t\t<\/div>\n\t\t\t\t\t<\/div>\n\t\t<\/div>\n\t\t\t\t\t<\/div>\n\t\t<\/section>\n\t\t\t\t<section class=\"elementor-section elementor-top-section elementor-element elementor-element-fe62e49 elementor-section-boxed elementor-section-height-default elementor-section-height-default\" data-id=\"fe62e49\" data-element_type=\"section\" data-e-type=\"section\">\n\t\t\t\t\t\t<div class=\"elementor-container elementor-column-gap-default\">\n\t\t\t\t\t<div class=\"elementor-column elementor-col-100 elementor-top-column elementor-element elementor-element-1cce8f0\" data-id=\"1cce8f0\" data-element_type=\"column\" data-e-type=\"column\">\n\t\t\t<div class=\"elementor-widget-wrap elementor-element-populated\">\n\t\t\t\t\t\t<div class=\"elementor-element elementor-element-5248597 elementor-widget elementor-widget-text-editor\" data-id=\"5248597\" data-element_type=\"widget\" data-e-type=\"widget\" data-widget_type=\"text-editor.default\">\n\t\t\t\t<div class=\"elementor-widget-container\">\n\t\t\t\t\t\t\t\t\t<p>12. &#8211; 14.6. se uskute\u010dn\u00ed v\u016fbec prvn\u00ed ro\u010dn\u00edk Popkorn\u00ed akce POPVOR. Sejdeme se v Dolanech pobl\u00ed\u017e Plzn\u011b, a vlastnoru\u010dn\u011b si vyrob\u00edme vor a sjedeme si na n\u011bm \u010d\u00e1st Berounky. Pokud nejste \u00fapln\u011b manu\u00e1ln\u011b zru\u010dn\u00ed tak to v\u016fbec nevad\u00ed, stavba voru nen\u00ed nic slo\u017eit\u00e9ho a nav\u00edc si navz\u00e1jem vypom\u016f\u017eeme aby jsme to v\u0161ichni zvl\u00e1dli. Pokud by jste t\u0159eba nemohli na cel\u00fd v\u00edkend tak nezoufejte. Bude mo\u017enost odj\u00ed\u017ed\u011bt v sobotu ve\u010der a nebo naopak p\u0159ijet pozd\u011bji (v sobotu r\u00e1no). J\u00eddlo budeme va\u0159it spole\u010dn\u00e9 a n\u00e1klady na j\u00eddlo jsou zahrnuty v cen\u011b.<\/p><p>Sraz v Dolanech od 16:00 do pozdn\u00edho ve\u010dera\u00a0<\/p><p>Konec akce v Plzni v 15:00<\/p><p>Cena 320 K\u010d na osobu.<\/p><p>Odkaz na p\u0159ihl\u00e1\u0161en\u00ed <a href=\"https:\/\/docs.google.com\/forms\/d\/e\/1FAIpQLSeTLvfOiv5_H49goDaPVSNxPv-ZC5zJf9zXppiU5EW5SdKVTA\/viewform?usp=header\">zde<\/a><\/p><p>Pro leto\u0161n\u00ed ro\u010dn\u00edk kapacita pouze 15 osob<\/p><p>T\u011b\u0161\u00edme se na v\u00e1s Adam &amp; Andy<\/p>\t\t\t\t\t\t\t\t<\/div>\n\t\t\t\t<\/div>\n\t\t\t\t\t<\/div>\n\t\t<\/div>\n\t\t\t\t\t<\/div>\n\t\t<\/section>\n\t\t\t\t<\/div>\n\t\t","protected":false},"excerpt":{"rendered":"<p>POPVOR Berounka 26 12. &#8211; 14.6. se uskute\u010dn\u00ed v\u016fbec prvn\u00ed ro\u010dn\u00edk Popkorn\u00ed akce POPVOR. Sejdeme se v Dolanech pobl\u00ed\u017e Plzn\u011b, a vlastnoru\u010dn\u011b si vyrob\u00edme vor a sjedeme si na n\u011bm \u010d\u00e1st Berounky. Pokud nejste \u00fapln\u011b manu\u00e1ln\u011b zru\u010dn\u00ed tak to v\u016fbec nevad\u00ed, stavba voru nen\u00ed nic slo\u017eit\u00e9ho a nav\u00edc si navz\u00e1jem vypom\u016f\u017eeme aby jsme to v\u0161ichni [&hellip;]<\/p>\n","protected":false},"author":28,"featured_media":0,"parent":0,"menu_order":0,"comment_status":"closed","ping_status":"closed","template":"","meta":{"footnotes":""},"class_list":["post-2667","page","type-page","status-publish","hentry"],"yoast_head":"<!-- This site is optimized with the Yoast SEO plugin v27.5 - https:\/\/yoast.com\/product\/yoast-seo-wordpress\/ -->\n<title>Co se chyst\u00e1?! - Popcorn<\/title>\n<meta name=\"robots\" content=\"index, follow, max-snippet:-1, max-image-preview:large, max-video-preview:-1\" \/>\n<link rel=\"canonical\" href=\"https:\/\/kurzzapalovac.cz\/popcorn\/co-se-chysta\/\" \/>\n<meta property=\"og:locale\" content=\"cs_CZ\" \/>\n<meta property=\"og:type\" content=\"article\" \/>\n<meta property=\"og:title\" content=\"Co se chyst\u00e1?! - Popcorn\" \/>\n<meta property=\"og:description\" content=\"POPVOR Berounka 26 12. &#8211; 14.6. se uskute\u010dn\u00ed v\u016fbec prvn\u00ed ro\u010dn\u00edk Popkorn\u00ed akce POPVOR. Sejdeme se v Dolanech pobl\u00ed\u017e Plzn\u011b, a vlastnoru\u010dn\u011b si vyrob\u00edme vor a sjedeme si na n\u011bm \u010d\u00e1st Berounky. Pokud nejste \u00fapln\u011b manu\u00e1ln\u011b zru\u010dn\u00ed tak to v\u016fbec nevad\u00ed, stavba voru nen\u00ed nic slo\u017eit\u00e9ho a nav\u00edc si navz\u00e1jem vypom\u016f\u017eeme aby jsme to v\u0161ichni [&hellip;]\" \/>\n<meta property=\"og:url\" content=\"https:\/\/kurzzapalovac.cz\/popcorn\/co-se-chysta\/\" \/>\n<meta property=\"og:site_name\" content=\"Popcorn\" \/>\n<meta property=\"article:modified_time\" content=\"2026-04-10T20:05:47+00:00\" \/>\n<meta name=\"twitter:card\" content=\"summary_large_image\" \/>\n<meta name=\"twitter:label1\" content=\"Odhadovan\u00e1 doba \u010dten\u00ed\" \/>\n\t<meta name=\"twitter:data1\" content=\"1 minuta\" \/>\n<script type=\"application\/ld+json\" class=\"yoast-schema-graph\">{\"@context\":\"https:\\\/\\\/schema.org\",\"@graph\":[{\"@type\":\"WebPage\",\"@id\":\"https:\\\/\\\/kurzzapalovac.cz\\\/popcorn\\\/co-se-chysta\\\/\",\"url\":\"https:\\\/\\\/kurzzapalovac.cz\\\/popcorn\\\/co-se-chysta\\\/\",\"name\":\"Co se chyst\u00e1?! - Popcorn\",\"isPartOf\":{\"@id\":\"https:\\\/\\\/kurzzapalovac.cz\\\/popcorn\\\/#website\"},\"datePublished\":\"2025-04-07T09:23:00+00:00\",\"dateModified\":\"2026-04-10T20:05:47+00:00\",\"breadcrumb\":{\"@id\":\"https:\\\/\\\/kurzzapalovac.cz\\\/popcorn\\\/co-se-chysta\\\/#breadcrumb\"},\"inLanguage\":\"cs\",\"potentialAction\":[{\"@type\":\"ReadAction\",\"target\":[\"https:\\\/\\\/kurzzapalovac.cz\\\/popcorn\\\/co-se-chysta\\\/\"]}]},{\"@type\":\"BreadcrumbList\",\"@id\":\"https:\\\/\\\/kurzzapalovac.cz\\\/popcorn\\\/co-se-chysta\\\/#breadcrumb\",\"itemListElement\":[{\"@type\":\"ListItem\",\"position\":1,\"name\":\"Dom\u016f\",\"item\":\"https:\\\/\\\/kurzzapalovac.cz\\\/popcorn\\\/\"},{\"@type\":\"ListItem\",\"position\":2,\"name\":\"Co se chyst\u00e1?!\"}]},{\"@type\":\"WebSite\",\"@id\":\"https:\\\/\\\/kurzzapalovac.cz\\\/popcorn\\\/#website\",\"url\":\"https:\\\/\\\/kurzzapalovac.cz\\\/popcorn\\\/\",\"name\":\"Popcorn\",\"description\":\"PUK!\",\"publisher\":{\"@id\":\"https:\\\/\\\/kurzzapalovac.cz\\\/popcorn\\\/#organization\"},\"potentialAction\":[{\"@type\":\"SearchAction\",\"target\":{\"@type\":\"EntryPoint\",\"urlTemplate\":\"https:\\\/\\\/kurzzapalovac.cz\\\/popcorn\\\/?s={search_term_string}\"},\"query-input\":{\"@type\":\"PropertyValueSpecification\",\"valueRequired\":true,\"valueName\":\"search_term_string\"}}],\"inLanguage\":\"cs\"},{\"@type\":\"Organization\",\"@id\":\"https:\\\/\\\/kurzzapalovac.cz\\\/popcorn\\\/#organization\",\"name\":\"Popcorn\",\"url\":\"https:\\\/\\\/kurzzapalovac.cz\\\/popcorn\\\/\",\"logo\":{\"@type\":\"ImageObject\",\"inLanguage\":\"cs\",\"@id\":\"https:\\\/\\\/kurzzapalovac.cz\\\/popcorn\\\/#\\\/schema\\\/logo\\\/image\\\/\",\"url\":\"https:\\\/\\\/kurzzapalovac.cz\\\/popcorn\\\/wp-content\\\/uploads\\\/sites\\\/2\\\/2022\\\/09\\\/cropped-popcorn_bila.png\",\"contentUrl\":\"https:\\\/\\\/kurzzapalovac.cz\\\/popcorn\\\/wp-content\\\/uploads\\\/sites\\\/2\\\/2022\\\/09\\\/cropped-popcorn_bila.png\",\"width\":250,\"height\":250,\"caption\":\"Popcorn\"},\"image\":{\"@id\":\"https:\\\/\\\/kurzzapalovac.cz\\\/popcorn\\\/#\\\/schema\\\/logo\\\/image\\\/\"},\"sameAs\":[\"https:\\\/\\\/www.instagram.com\\\/popcorn_puk\\\/\"]}]}<\/script>\n<!-- \/ Yoast SEO plugin. -->","yoast_head_json":{"title":"Co se chyst\u00e1?! - Popcorn","robots":{"index":"index","follow":"follow","max-snippet":"max-snippet:-1","max-image-preview":"max-image-preview:large","max-video-preview":"max-video-preview:-1"},"canonical":"https:\/\/kurzzapalovac.cz\/popcorn\/co-se-chysta\/","og_locale":"cs_CZ","og_type":"article","og_title":"Co se chyst\u00e1?! - Popcorn","og_description":"POPVOR Berounka 26 12. &#8211; 14.6. se uskute\u010dn\u00ed v\u016fbec prvn\u00ed ro\u010dn\u00edk Popkorn\u00ed akce POPVOR. Sejdeme se v Dolanech pobl\u00ed\u017e Plzn\u011b, a vlastnoru\u010dn\u011b si vyrob\u00edme vor a sjedeme si na n\u011bm \u010d\u00e1st Berounky. Pokud nejste \u00fapln\u011b manu\u00e1ln\u011b zru\u010dn\u00ed tak to v\u016fbec nevad\u00ed, stavba voru nen\u00ed nic slo\u017eit\u00e9ho a nav\u00edc si navz\u00e1jem vypom\u016f\u017eeme aby jsme to v\u0161ichni [&hellip;]","og_url":"https:\/\/kurzzapalovac.cz\/popcorn\/co-se-chysta\/","og_site_name":"Popcorn","article_modified_time":"2026-04-10T20:05:47+00:00","twitter_card":"summary_large_image","twitter_misc":{"Odhadovan\u00e1 doba \u010dten\u00ed":"1 minuta"},"schema":{"@context":"https:\/\/schema.org","@graph":[{"@type":"WebPage","@id":"https:\/\/kurzzapalovac.cz\/popcorn\/co-se-chysta\/","url":"https:\/\/kurzzapalovac.cz\/popcorn\/co-se-chysta\/","name":"Co se chyst\u00e1?! - Popcorn","isPartOf":{"@id":"https:\/\/kurzzapalovac.cz\/popcorn\/#website"},"datePublished":"2025-04-07T09:23:00+00:00","dateModified":"2026-04-10T20:05:47+00:00","breadcrumb":{"@id":"https:\/\/kurzzapalovac.cz\/popcorn\/co-se-chysta\/#breadcrumb"},"inLanguage":"cs","potentialAction":[{"@type":"ReadAction","target":["https:\/\/kurzzapalovac.cz\/popcorn\/co-se-chysta\/"]}]},{"@type":"BreadcrumbList","@id":"https:\/\/kurzzapalovac.cz\/popcorn\/co-se-chysta\/#breadcrumb","itemListElement":[{"@type":"ListItem","position":1,"name":"Dom\u016f","item":"https:\/\/kurzzapalovac.cz\/popcorn\/"},{"@type":"ListItem","position":2,"name":"Co se chyst\u00e1?!"}]},{"@type":"WebSite","@id":"https:\/\/kurzzapalovac.cz\/popcorn\/#website","url":"https:\/\/kurzzapalovac.cz\/popcorn\/","name":"Popcorn","description":"PUK!","publisher":{"@id":"https:\/\/kurzzapalovac.cz\/popcorn\/#organization"},"potentialAction":[{"@type":"SearchAction","target":{"@type":"EntryPoint","urlTemplate":"https:\/\/kurzzapalovac.cz\/popcorn\/?s={search_term_string}"},"query-input":{"@type":"PropertyValueSpecification","valueRequired":true,"valueName":"search_term_string"}}],"inLanguage":"cs"},{"@type":"Organization","@id":"https:\/\/kurzzapalovac.cz\/popcorn\/#organization","name":"Popcorn","url":"https:\/\/kurzzapalovac.cz\/popcorn\/","logo":{"@type":"ImageObject","inLanguage":"cs","@id":"https:\/\/kurzzapalovac.cz\/popcorn\/#\/schema\/logo\/image\/","url":"https:\/\/kurzzapalovac.cz\/popcorn\/wp-content\/uploads\/sites\/2\/2022\/09\/cropped-popcorn_bila.png","contentUrl":"https:\/\/kurzzapalovac.cz\/popcorn\/wp-content\/uploads\/sites\/2\/2022\/09\/cropped-popcorn_bila.png","width":250,"height":250,"caption":"Popcorn"},"image":{"@id":"https:\/\/kurzzapalovac.cz\/popcorn\/#\/schema\/logo\/image\/"},"sameAs":["https:\/\/www.instagram.com\/popcorn_puk\/"]}]}},"_links":{"self":[{"href":"https:\/\/kurzzapalovac.cz\/popcorn\/wp-json\/wp\/v2\/pages\/2667","targetHints":{"allow":["GET"]}}],"collection":[{"href":"https:\/\/kurzzapalovac.cz\/popcorn\/wp-json\/wp\/v2\/pages"}],"about":[{"href":"https:\/\/kurzzapalovac.cz\/popcorn\/wp-json\/wp\/v2\/types\/page"}],"author":[{"embeddable":true,"href":"https:\/\/kurzzapalovac.cz\/popcorn\/wp-json\/wp\/v2\/users\/28"}],"replies":[{"embeddable":true,"href":"https:\/\/kurzzapalovac.cz\/popcorn\/wp-json\/wp\/v2\/comments?post=2667"}],"version-history":[{"count":98,"href":"https:\/\/kurzzapalovac.cz\/popcorn\/wp-json\/wp\/v2\/pages\/2667\/revisions"}],"predecessor-version":[{"id":2982,"href":"https:\/\/kurzzapalovac.cz\/popcorn\/wp-json\/wp\/v2\/pages\/2667\/revisions\/2982"}],"wp:attachment":[{"href":"https:\/\/kurzzapalovac.cz\/popcorn\/wp-json\/wp\/v2\/media?parent=2667"}],"curies":[{"name":"wp","href":"https:\/\/api.w.org\/{rel}","templated":true}]}}